{"id":5,"date":"2024-08-14T13:16:20","date_gmt":"2024-08-14T11:16:20","guid":{"rendered":"https:\/\/catherine-bronnec.fr\/?page_id=5"},"modified":"2025-07-09T17:20:02","modified_gmt":"2025-07-09T15:20:02","slug":"accueil","status":"publish","type":"page","link":"https:\/\/catherine-bronnec.fr\/","title":{"rendered":"Accueil"},"content":{"rendered":"\n<h2 class=\"wp-block-heading has-text-color has-link-color wp-elements-69fb4fb6f6f789dba1969a8aab14205a\" style=\"color:#9cbe9c\">Catherine Bronnec \u2013 Magn\u00e9tiseuse &amp; Praticienne en Hypnose \u00e0 Saint-Brandan<\/h2>\n\n\n\n<h3 class=\"wp-block-heading\">Retrouver l\u2019\u00e9quilibre, lib\u00e9rer les blocages, se reconnecter \u00e0 soi<\/h3>\n\n\n\n<p>Bienvenue sur mon site. Je suis Catherine Bronnec, praticienne en <strong>magn\u00e9tisme<\/strong>, <strong>hypnose Ericksonienne<\/strong> et <strong>hypnose spirituelle<\/strong>.<br>J\u2019accompagne les personnes qui souhaitent <strong>soulager leurs douleurs physiques, apaiser leurs \u00e9motions, d\u00e9passer leurs blocages<\/strong> ou simplement retrouver un <strong>mieux-\u00eatre durable<\/strong>.<\/p>\n\n\n\n<p><\/p>\n","protected":false},"excerpt":{"rendered":"<p>Catherine Bronnec \u2013 Magn\u00e9tiseuse &amp; Praticienne en Hypnose \u00e0 Saint-Brandan Retrouver l\u2019\u00e9quilibre, lib\u00e9rer les blocages, se reconnecter \u00e0 soi Bienvenue sur mon site. Je suis Catherine Bronnec, praticienne en magn\u00e9tisme, &hellip; <\/p>\n","protected":false},"author":1,"featured_media":0,"parent":0,"menu_order":0,"comment_status":"closed","ping_status":"closed","template":"","meta":{"footnotes":""},"class_list":["post-5","page","type-page","status-publish","hentry"],"yoast_head":"<!-- This site is optimized with the Yoast SEO plugin v27.4 - https:\/\/yoast.com\/product\/yoast-seo-wordpress\/ -->\n<title>Accueil - Catherine Bronnec<\/title>\n<meta name=\"description\" content=\"Soins \u00e9nerg\u00e9tiques, hypnose Ericksonienne, magn\u00e9tisme. Retrouvez \u00e9quilibre, apaisement et mieux-\u00eatre durable avec Catherine Bronnec \u00e0 Saint-Brandan\" \/>\n<meta name=\"robots\" content=\"index, follow, max-snippet:-1, max-image-preview:large, max-video-preview:-1\" \/>\n<link rel=\"canonical\" href=\"https:\/\/catherine-bronnec.fr\/\" \/>\n<meta property=\"og:locale\" content=\"en_US\" \/>\n<meta property=\"og:type\" content=\"article\" \/>\n<meta property=\"og:title\" content=\"Accueil - Catherine Bronnec\" \/>\n<meta property=\"og:description\" content=\"Soins \u00e9nerg\u00e9tiques, hypnose Ericksonienne, magn\u00e9tisme. Retrouvez \u00e9quilibre, apaisement et mieux-\u00eatre durable avec Catherine Bronnec \u00e0 Saint-Brandan\" \/>\n<meta property=\"og:url\" content=\"https:\/\/catherine-bronnec.fr\/\" \/>\n<meta property=\"og:site_name\" content=\"Catherine Bronnec\" \/>\n<meta property=\"article:modified_time\" content=\"2025-07-09T15:20:02+00:00\" \/>\n<meta name=\"twitter:card\" content=\"summary_large_image\" \/>\n<meta name=\"twitter:label1\" content=\"Est. reading time\" \/>\n\t<meta name=\"twitter:data1\" content=\"1 minute\" \/>\n<script type=\"application\/ld+json\" class=\"yoast-schema-graph\">{\"@context\":\"https:\\\/\\\/schema.org\",\"@graph\":[{\"@type\":\"WebPage\",\"@id\":\"https:\\\/\\\/catherine-bronnec.fr\\\/\",\"url\":\"https:\\\/\\\/catherine-bronnec.fr\\\/\",\"name\":\"Accueil - Catherine Bronnec\",\"isPartOf\":{\"@id\":\"https:\\\/\\\/catherine-bronnec.fr\\\/#website\"},\"datePublished\":\"2024-08-14T11:16:20+00:00\",\"dateModified\":\"2025-07-09T15:20:02+00:00\",\"description\":\"Soins \u00e9nerg\u00e9tiques, hypnose Ericksonienne, magn\u00e9tisme. Retrouvez \u00e9quilibre, apaisement et mieux-\u00eatre durable avec Catherine Bronnec \u00e0 Saint-Brandan\",\"breadcrumb\":{\"@id\":\"https:\\\/\\\/catherine-bronnec.fr\\\/#breadcrumb\"},\"inLanguage\":\"en-US\",\"potentialAction\":[{\"@type\":\"ReadAction\",\"target\":[\"https:\\\/\\\/catherine-bronnec.fr\\\/\"]}]},{\"@type\":\"BreadcrumbList\",\"@id\":\"https:\\\/\\\/catherine-bronnec.fr\\\/#breadcrumb\",\"itemListElement\":[{\"@type\":\"ListItem\",\"position\":1,\"name\":\"Accueil\",\"item\":\"https:\\\/\\\/catherine-bronnec.fr\\\/\"},{\"@type\":\"ListItem\",\"position\":2,\"name\":\"Accueil\"}]},{\"@type\":\"WebSite\",\"@id\":\"https:\\\/\\\/catherine-bronnec.fr\\\/#website\",\"url\":\"https:\\\/\\\/catherine-bronnec.fr\\\/\",\"name\":\"Catherine Bronnec\",\"description\":\"Saint-Brandan\",\"publisher\":{\"@id\":\"https:\\\/\\\/catherine-bronnec.fr\\\/#\\\/schema\\\/person\\\/adb73562d27849cc99b9fbbfff5b1a97\"},\"potentialAction\":[{\"@type\":\"SearchAction\",\"target\":{\"@type\":\"EntryPoint\",\"urlTemplate\":\"https:\\\/\\\/catherine-bronnec.fr\\\/?s={search_term_string}\"},\"query-input\":{\"@type\":\"PropertyValueSpecification\",\"valueRequired\":true,\"valueName\":\"search_term_string\"}}],\"inLanguage\":\"en-US\"},{\"@type\":[\"Person\",\"Organization\"],\"@id\":\"https:\\\/\\\/catherine-bronnec.fr\\\/#\\\/schema\\\/person\\\/adb73562d27849cc99b9fbbfff5b1a97\",\"name\":\"admin8964\",\"image\":{\"@type\":\"ImageObject\",\"inLanguage\":\"en-US\",\"@id\":\"https:\\\/\\\/catherine-bronnec.fr\\\/wp-content\\\/uploads\\\/2024\\\/08\\\/cropped-logo-fleur-1.jpg\",\"url\":\"https:\\\/\\\/catherine-bronnec.fr\\\/wp-content\\\/uploads\\\/2024\\\/08\\\/cropped-logo-fleur-1.jpg\",\"contentUrl\":\"https:\\\/\\\/catherine-bronnec.fr\\\/wp-content\\\/uploads\\\/2024\\\/08\\\/cropped-logo-fleur-1.jpg\",\"width\":78,\"height\":111,\"caption\":\"admin8964\"},\"logo\":{\"@id\":\"https:\\\/\\\/catherine-bronnec.fr\\\/wp-content\\\/uploads\\\/2024\\\/08\\\/cropped-logo-fleur-1.jpg\"},\"sameAs\":[\"http:\\\/\\\/catherine-bronnec.fr\"]}]}<\/script>\n<!-- \/ Yoast SEO plugin. -->","yoast_head_json":{"title":"Accueil - Catherine Bronnec","description":"Soins \u00e9nerg\u00e9tiques, hypnose Ericksonienne, magn\u00e9tisme. Retrouvez \u00e9quilibre, apaisement et mieux-\u00eatre durable avec Catherine Bronnec \u00e0 Saint-Brandan","robots":{"index":"index","follow":"follow","max-snippet":"max-snippet:-1","max-image-preview":"max-image-preview:large","max-video-preview":"max-video-preview:-1"},"canonical":"https:\/\/catherine-bronnec.fr\/","og_locale":"en_US","og_type":"article","og_title":"Accueil - Catherine Bronnec","og_description":"Soins \u00e9nerg\u00e9tiques, hypnose Ericksonienne, magn\u00e9tisme. Retrouvez \u00e9quilibre, apaisement et mieux-\u00eatre durable avec Catherine Bronnec \u00e0 Saint-Brandan","og_url":"https:\/\/catherine-bronnec.fr\/","og_site_name":"Catherine Bronnec","article_modified_time":"2025-07-09T15:20:02+00:00","twitter_card":"summary_large_image","twitter_misc":{"Est. reading time":"1 minute"},"schema":{"@context":"https:\/\/schema.org","@graph":[{"@type":"WebPage","@id":"https:\/\/catherine-bronnec.fr\/","url":"https:\/\/catherine-bronnec.fr\/","name":"Accueil - Catherine Bronnec","isPartOf":{"@id":"https:\/\/catherine-bronnec.fr\/#website"},"datePublished":"2024-08-14T11:16:20+00:00","dateModified":"2025-07-09T15:20:02+00:00","description":"Soins \u00e9nerg\u00e9tiques, hypnose Ericksonienne, magn\u00e9tisme. Retrouvez \u00e9quilibre, apaisement et mieux-\u00eatre durable avec Catherine Bronnec \u00e0 Saint-Brandan","breadcrumb":{"@id":"https:\/\/catherine-bronnec.fr\/#breadcrumb"},"inLanguage":"en-US","potentialAction":[{"@type":"ReadAction","target":["https:\/\/catherine-bronnec.fr\/"]}]},{"@type":"BreadcrumbList","@id":"https:\/\/catherine-bronnec.fr\/#breadcrumb","itemListElement":[{"@type":"ListItem","position":1,"name":"Accueil","item":"https:\/\/catherine-bronnec.fr\/"},{"@type":"ListItem","position":2,"name":"Accueil"}]},{"@type":"WebSite","@id":"https:\/\/catherine-bronnec.fr\/#website","url":"https:\/\/catherine-bronnec.fr\/","name":"Catherine Bronnec","description":"Saint-Brandan","publisher":{"@id":"https:\/\/catherine-bronnec.fr\/#\/schema\/person\/adb73562d27849cc99b9fbbfff5b1a97"},"potentialAction":[{"@type":"SearchAction","target":{"@type":"EntryPoint","urlTemplate":"https:\/\/catherine-bronnec.fr\/?s={search_term_string}"},"query-input":{"@type":"PropertyValueSpecification","valueRequired":true,"valueName":"search_term_string"}}],"inLanguage":"en-US"},{"@type":["Person","Organization"],"@id":"https:\/\/catherine-bronnec.fr\/#\/schema\/person\/adb73562d27849cc99b9fbbfff5b1a97","name":"admin8964","image":{"@type":"ImageObject","inLanguage":"en-US","@id":"https:\/\/catherine-bronnec.fr\/wp-content\/uploads\/2024\/08\/cropped-logo-fleur-1.jpg","url":"https:\/\/catherine-bronnec.fr\/wp-content\/uploads\/2024\/08\/cropped-logo-fleur-1.jpg","contentUrl":"https:\/\/catherine-bronnec.fr\/wp-content\/uploads\/2024\/08\/cropped-logo-fleur-1.jpg","width":78,"height":111,"caption":"admin8964"},"logo":{"@id":"https:\/\/catherine-bronnec.fr\/wp-content\/uploads\/2024\/08\/cropped-logo-fleur-1.jpg"},"sameAs":["http:\/\/catherine-bronnec.fr"]}]}},"_links":{"self":[{"href":"https:\/\/catherine-bronnec.fr\/index.php\/wp-json\/wp\/v2\/pages\/5","targetHints":{"allow":["GET"]}}],"collection":[{"href":"https:\/\/catherine-bronnec.fr\/index.php\/wp-json\/wp\/v2\/pages"}],"about":[{"href":"https:\/\/catherine-bronnec.fr\/index.php\/wp-json\/wp\/v2\/types\/page"}],"author":[{"embeddable":true,"href":"https:\/\/catherine-bronnec.fr\/index.php\/wp-json\/wp\/v2\/users\/1"}],"replies":[{"embeddable":true,"href":"https:\/\/catherine-bronnec.fr\/index.php\/wp-json\/wp\/v2\/comments?post=5"}],"version-history":[{"count":6,"href":"https:\/\/catherine-bronnec.fr\/index.php\/wp-json\/wp\/v2\/pages\/5\/revisions"}],"predecessor-version":[{"id":233,"href":"https:\/\/catherine-bronnec.fr\/index.php\/wp-json\/wp\/v2\/pages\/5\/revisions\/233"}],"wp:attachment":[{"href":"https:\/\/catherine-bronnec.fr\/index.php\/wp-json\/wp\/v2\/media?parent=5"}],"curies":[{"name":"wp","href":"https:\/\/api.w.org\/{rel}","templated":true}]}}