{"id":23,"date":"2024-08-14T13:24:46","date_gmt":"2024-08-14T11:24:46","guid":{"rendered":"https:\/\/catherine-bronnec.fr\/?page_id=23"},"modified":"2025-07-10T09:35:20","modified_gmt":"2025-07-10T07:35:20","slug":"a-propos","status":"publish","type":"page","link":"https:\/\/catherine-bronnec.fr\/index.php\/a-propos\/","title":{"rendered":"\u00e0 propos"},"content":{"rendered":"\n<div class=\"wp-block-media-text is-stacked-on-mobile\" style=\"grid-template-columns:31% auto\"><figure class=\"wp-block-media-text__media\"><img loading=\"lazy\" decoding=\"async\" width=\"768\" height=\"1024\" src=\"http:\/\/catherine-bronnec.fr\/wp-content\/uploads\/2024\/09\/photo_cb2-768x1024.jpeg\" alt=\"\" class=\"wp-image-121 size-full\" srcset=\"https:\/\/catherine-bronnec.fr\/wp-content\/uploads\/2024\/09\/photo_cb2-768x1024.jpeg 768w, https:\/\/catherine-bronnec.fr\/wp-content\/uploads\/2024\/09\/photo_cb2-225x300.jpeg 225w, https:\/\/catherine-bronnec.fr\/wp-content\/uploads\/2024\/09\/photo_cb2-1152x1536.jpeg 1152w, https:\/\/catherine-bronnec.fr\/wp-content\/uploads\/2024\/09\/photo_cb2-1536x2048.jpeg 1536w, https:\/\/catherine-bronnec.fr\/wp-content\/uploads\/2024\/09\/photo_cb2-scaled.jpeg 1920w\" sizes=\"auto, (max-width: 768px) 100vw, 768px\" \/><\/figure><div class=\"wp-block-media-text__content\">\n<h2 class=\"wp-block-heading has-text-color has-link-color has-medium-font-size wp-elements-cec9729ea81ff62dc05731ffb1fdbca7\" style=\"color:#9cbe9c\">Qui suis-je ?<\/h2>\n\n\n\n<p>Je m\u2019appelle <strong>Catherine Bronnec<\/strong>, et j\u2019accompagne aujourd\u2019hui les personnes en qu\u00eate de mieux-\u00eatre gr\u00e2ce au <strong><a href=\"https:\/\/catherine-bronnec.fr\/index.php\/magnetisme\/\">magn\u00e9tisme th\u00e9rapeutique<\/a><\/strong> et \u00e0 <a href=\"https:\/\/catherine-bronnec.fr\/index.php\/hypnose-spirituelle-et-symbolique\/\">l\u2019<strong>hypnose spirituelle<\/strong><\/a>.<br>Ce chemin, je ne l\u2019ai pas choisi au hasard. Il est le fruit d\u2019une transformation profonde, d\u2019une reconnexion \u00e0 mes capacit\u00e9s naturelles, \u00e0 mon intuition, \u00e0 ma sensibilit\u00e9.<\/p>\n<\/div><\/div>\n\n\n\n<h2 class=\"wp-block-heading has-text-color has-link-color has-medium-font-size wp-elements-98d3a5d82fc36d0e7e011c27f1a5a114\" style=\"color:#9cbe9c\">Ma reconversion : du cadre en entreprise \u00e0 l\u2019accompagnement \u00e9nerg\u00e9tique<\/h2>\n\n\n\n<p class=\"has-black-color has-text-color has-link-color wp-elements-f9e7a61384c9674ec275617dc3e97ec2\">J\u2019ai termin\u00e9 mon ancienne carri\u00e8re professionnelle en tant que <strong>cadre dans une grande entreprise<\/strong> apr\u00e8s 36 ann\u00e9es d&#8217;exercice. J&#8217;ai eu la chance de collaborer avec des \u00e9quipes formidables. Mais un jour, un <strong>probl\u00e8me de sant\u00e9 majeur<\/strong> m\u2019a stopp\u00e9e. Il m\u2019a invit\u00e9e \u00e0 r\u00e9fl\u00e9chir, \u00e0 revoir mes priorit\u00e9s, \u00e0 \u00e9couter ce que je ne voulais plus ignorer : mes <strong>valeurs profondes<\/strong>, et ce <strong>besoin de sens<\/strong>.<\/p>\n\n\n\n<p class=\"has-black-color has-text-color has-link-color wp-elements-d99d3177acb10f782a3ef41edca7ae20\">Ce moment charni\u00e8re, je l\u2019ai v\u00e9cu non comme une fin, mais comme une <strong>opportunit\u00e9 de renaissance<\/strong>.<\/p>\n\n\n\n<h2 class=\"wp-block-heading has-text-color has-link-color has-medium-font-size wp-elements-5b02598e8c413bd01365a933980224b5\" style=\"color:#9cbe9c\">Une sensibilit\u00e9 pr\u00e9sente depuis toujours<\/h2>\n\n\n\n<p class=\"has-black-color has-text-color has-link-color wp-elements-d14d501d3ff79de1f5ac365fcffb80b7\"><strong>Perceptions subtiles, m\u00e9diumnit\u00e9, \u00e9nergie\u2026 que je n\u2019avais jamais vraiment \u00e9cout\u00e9es<\/strong><\/p>\n\n\n\n<p>D\u00e8s l\u2019adolescence, je ressentais les choses \u00ab autrement \u00bb. Je <strong>tirais les cartes<\/strong> \u00e0 mes camarades de classe pour le plaisir, pensant leur inventer une histoire\u2026 qui s\u2019av\u00e9rait souvent juste. Sans le savoir, je <strong>canalisais de l\u2019information<\/strong>.<br>Je mettais cela de c\u00f4t\u00e9, le rangeant dans un coin de ma vie pendant des ann\u00e9es.<\/p>\n\n\n\n<p class=\"has-black-color has-text-color has-link-color wp-elements-74f8369b67446340c518d89c8f4c66e2\">Mais les ressentis, eux, ne m\u2019ont jamais quitt\u00e9e : je percevais les \u00e9motions des autres, j\u2019\u00e9tais souvent <strong>\u00e9puis\u00e9e au contact de certaines personnes ou dans certains lieux<\/strong>. Longtemps v\u00e9cue comme une fragilit\u00e9, cette <strong>hypersensibilit\u00e9<\/strong> allait pourtant devenir ma plus grande force.<\/p>\n\n\n\n<h2 class=\"wp-block-heading has-text-color has-link-color has-medium-font-size wp-elements-1432c0898c8279637f1b7133348f106b\" style=\"color:#9cbe9c\">La d\u00e9couverte du magn\u00e9tisme : un retour \u00e0 soi<br><\/h2>\n\n\n\n<div class=\"wp-block-media-text is-stacked-on-mobile\"><figure class=\"wp-block-media-text__media\"><img loading=\"lazy\" decoding=\"async\" width=\"683\" height=\"1024\" src=\"https:\/\/catherine-bronnec.fr\/wp-content\/uploads\/2024\/08\/freepik-export-20240811120920Gi96-683x1024.jpeg\" alt=\"\" class=\"wp-image-77 size-full\" srcset=\"https:\/\/catherine-bronnec.fr\/wp-content\/uploads\/2024\/08\/freepik-export-20240811120920Gi96-683x1024.jpeg 683w, https:\/\/catherine-bronnec.fr\/wp-content\/uploads\/2024\/08\/freepik-export-20240811120920Gi96-200x300.jpeg 200w, https:\/\/catherine-bronnec.fr\/wp-content\/uploads\/2024\/08\/freepik-export-20240811120920Gi96-768x1152.jpeg 768w, https:\/\/catherine-bronnec.fr\/wp-content\/uploads\/2024\/08\/freepik-export-20240811120920Gi96-1024x1536.jpeg 1024w, https:\/\/catherine-bronnec.fr\/wp-content\/uploads\/2024\/08\/freepik-export-20240811120920Gi96-1365x2048.jpeg 1365w, https:\/\/catherine-bronnec.fr\/wp-content\/uploads\/2024\/08\/freepik-export-20240811120920Gi96-scaled.jpeg 1707w\" sizes=\"auto, (max-width: 683px) 100vw, 683px\" \/><\/figure><div class=\"wp-block-media-text__content\">\n<p>C\u2019est gr\u00e2ce \u00e0 un ami magn\u00e9tiseur que j\u2019ai plong\u00e9 dans cet univers. Pendant plusieurs mois, je me suis form\u00e9e \u00e0 ses c\u00f4t\u00e9s, j\u2019ai pratiqu\u00e9. J\u2019ai ensuite suivi une <strong>formation de 6 mois en magn\u00e9tisme th\u00e9rapeutique<\/strong>, pour approfondir mes ressentis et me perfectionner dans cette pratique.<\/p>\n\n\n\n<p>Je me suis exerc\u00e9e sur tout : mes proches, leurs amis, des chevaux, des vaches, des chiens\u2026 et j\u2019ai \u00e9t\u00e9 <strong>\u00e9merveill\u00e9e des r\u00e9sultats<\/strong>. Plus je pratiquais, plus je retrouvais cette <strong>connexion intuitive<\/strong>.<\/p>\n<\/div><\/div>\n\n\n\n<h2 class=\"wp-block-heading has-text-color has-link-color has-medium-font-size wp-elements-6ce88c5580d104c50cbe70c21b183b81\" style=\"color:#9cbe9c\">Un m\u00e9tier de c\u0153ur : accompagner la transformation<\/h2>\n\n\n\n<p>En 2023, j\u2019ai os\u00e9 faire ce saut. J\u2019ai ouvert mon <strong>cabinet de magn\u00e9tisme et d\u2019hypnose<\/strong>, avec l\u2019envie sinc\u00e8re de mettre mes comp\u00e9tences, mon parcours et ma sensibilit\u00e9 au service de ceux qui en ont besoin.<\/p>\n\n\n\n<p>Aujourd\u2019hui, je propose un accompagnement complet bas\u00e9 sur :<\/p>\n\n\n\n<ul class=\"wp-block-list\">\n<li>le <strong>magn\u00e9tisme th\u00e9rapeutique<\/strong> pour lib\u00e9rer les blocages \u00e9nerg\u00e9tiques, soulager les douleurs ou apaiser les tensions \u00e9motionnelles,<\/li>\n\n\n\n<li>l\u2019<strong>hypnose spirituelle et r\u00e9gressive<\/strong> pour explorer les racines profondes des blocages, comprendre l\u2019\u00e2me et gu\u00e9rir les m\u00e9moires.<\/li>\n<\/ul>\n\n\n\n<h2 class=\"wp-block-heading has-text-color has-link-color has-medium-font-size wp-elements-0b891c813958a5714033a01427196da2\" style=\"color:#9cbe9c\">Pourquoi je fais ce m\u00e9tier aujourd\u2019hui<\/h2>\n\n\n\n<p>Parce que je sais, intimement, ce que cela signifie de chercher du sens.<br>Parce que je crois que chacun poss\u00e8de en lui une <strong>capacit\u00e9 de transformation<\/strong> immense.<br>Parce que j\u2019ai appris que les \u00e9preuves sont parfois des portes vers <strong>une vie plus align\u00e9e, plus lumineuse<\/strong>.<\/p>\n\n\n\n<div class=\"wp-block-buttons is-layout-flex wp-block-buttons-is-layout-flex\">\n<div class=\"wp-block-button\"><a class=\"wp-block-button__link has-background wp-element-button\" href=\"https:\/\/catherine-bronnec.fr\/index.php\/contact\/\" style=\"background-color:#9cbe9c\">Prendre rendez-vous<\/a><\/div>\n<\/div>\n\n\n\n<p><\/p>\n\n\n\n<p class=\"has-background\" style=\"background-color:#9cbe9c\">&#8211; Magn\u00e9tiseuse<br>&#8211; Praticienne en hypnose Ericksonienne, certifi\u00e9e par Psynapse, \u00e9cole de psychoth\u00e9rapie<br>&#8211; Ma\u00eetre praticienne en hypnose spirituelle et symbolique, certifi\u00e9e par Psynapse, \u00e9cole de psychoth\u00e9rapie<br>&#8211; Adh\u00e9rente \u00e0 SUP-H : Syndicat Unitaire des Professionnels de l\u2019Hypnose<br>&#8211; Num\u00e9ro SIRET : 923 277 784 000016<br><br>M\u00c9DIATION DE LA CONSOMMATION<br>R\u00e8glement amiable des litiges. Dans le cadre d\u2019une r\u00e9clamation amiable pr\u00e9alable et non satisfaisante, le consommateur a la possibilit\u00e9 de saisir gratuitement le M\u00e9diateur de la Consommation en ligne \u00e0 l\u2019adresse suivante : www.mcpmediation.org ou par voie postale : M\u00e9diation de la Consommation &amp; Patrimoine -12 square Desnouettes -75015 Paris.<\/p>\n\n\n\n<figure class=\"wp-block-image size-large\"><img loading=\"lazy\" decoding=\"async\" width=\"1024\" height=\"216\" src=\"https:\/\/catherine-bronnec.fr\/wp-content\/uploads\/2024\/08\/logos-1-1024x216.jpg\" alt=\"\" class=\"wp-image-65\" srcset=\"https:\/\/catherine-bronnec.fr\/wp-content\/uploads\/2024\/08\/logos-1-1024x216.jpg 1024w, https:\/\/catherine-bronnec.fr\/wp-content\/uploads\/2024\/08\/logos-1-300x63.jpg 300w, https:\/\/catherine-bronnec.fr\/wp-content\/uploads\/2024\/08\/logos-1-768x162.jpg 768w, https:\/\/catherine-bronnec.fr\/wp-content\/uploads\/2024\/08\/logos-1.jpg 1382w\" sizes=\"auto, (max-width: 1024px) 100vw, 1024px\" \/><\/figure>\n\n\n\n<p class=\"has-small-font-size\"><em>Visuels : Freepik<\/em><\/p>\n\n\n\n<p> <a href=\"https:\/\/catherine-bronnec.fr\/index.php\/conditions-generales-dutilisation\/\">Conditions g\u00e9n\u00e9rales d&#8217;utilisation <\/a><\/p>\n\n\n\n<p> <a href=\"https:\/\/catherine-bronnec.fr\/index.php\/mentions-legales\/\">Mentions l\u00e9gales<\/a><\/p>\n","protected":false},"excerpt":{"rendered":"<p>Qui suis-je ? Je m\u2019appelle Catherine Bronnec, et j\u2019accompagne aujourd\u2019hui les personnes en qu\u00eate de mieux-\u00eatre gr\u00e2ce au magn\u00e9tisme th\u00e9rapeutique et \u00e0 l\u2019hypnose spirituelle.Ce chemin, je ne l\u2019ai pas choisi &hellip; <\/p>\n","protected":false},"author":1,"featured_media":125,"parent":0,"menu_order":0,"comment_status":"closed","ping_status":"closed","template":"","meta":{"footnotes":""},"class_list":["post-23","page","type-page","status-publish","has-post-thumbnail","hentry"],"yoast_head":"<!-- This site is optimized with the Yoast SEO plugin v27.3 - https:\/\/yoast.com\/product\/yoast-seo-wordpress\/ -->\n<title>\u00e0 propos - Catherine Bronnec<\/title>\n<meta name=\"description\" content=\"D\u00e9couvrez l\u2019hypnose spirituelle et lib\u00e9rez les blocages de vos vies ant\u00e9rieures pour gu\u00e9rir vos blessures invisibles et retrouver paix et clart\u00e9 int\u00e9rieure. D\u00e9couvrez le magn\u00e9tisme th\u00e9rapeutique pour passer le feu, soulager douleurs, stress, troubles de la peau (zona, br\u00fblures) et am\u00e9liorer votre bien-\u00eatre physique et \u00e9motionnel.\" \/>\n<meta name=\"robots\" content=\"index, follow, max-snippet:-1, max-image-preview:large, max-video-preview:-1\" \/>\n<link rel=\"canonical\" href=\"https:\/\/catherine-bronnec.fr\/index.php\/a-propos\/\" \/>\n<meta property=\"og:locale\" content=\"en_US\" \/>\n<meta property=\"og:type\" content=\"article\" \/>\n<meta property=\"og:title\" content=\"\u00e0 propos - Catherine Bronnec\" \/>\n<meta property=\"og:description\" content=\"D\u00e9couvrez l\u2019hypnose spirituelle et lib\u00e9rez les blocages de vos vies ant\u00e9rieures pour gu\u00e9rir vos blessures invisibles et retrouver paix et clart\u00e9 int\u00e9rieure. D\u00e9couvrez le magn\u00e9tisme th\u00e9rapeutique pour passer le feu, soulager douleurs, stress, troubles de la peau (zona, br\u00fblures) et am\u00e9liorer votre bien-\u00eatre physique et \u00e9motionnel.\" \/>\n<meta property=\"og:url\" content=\"https:\/\/catherine-bronnec.fr\/index.php\/a-propos\/\" \/>\n<meta property=\"og:site_name\" content=\"Catherine Bronnec\" \/>\n<meta property=\"article:modified_time\" content=\"2025-07-10T07:35:20+00:00\" \/>\n<meta property=\"og:image\" content=\"http:\/\/catherine-bronnec.fr\/wp-content\/uploads\/2024\/09\/20230320_1755241-scaled.jpg\" \/>\n\t<meta property=\"og:image:width\" content=\"1152\" \/>\n\t<meta property=\"og:image:height\" content=\"2560\" \/>\n\t<meta property=\"og:image:type\" content=\"image\/jpeg\" \/>\n<meta name=\"twitter:card\" content=\"summary_large_image\" \/>\n<meta name=\"twitter:label1\" content=\"Est. reading time\" \/>\n\t<meta name=\"twitter:data1\" content=\"4 minutes\" \/>\n<script type=\"application\/ld+json\" class=\"yoast-schema-graph\">{\"@context\":\"https:\\\/\\\/schema.org\",\"@graph\":[{\"@type\":\"WebPage\",\"@id\":\"https:\\\/\\\/catherine-bronnec.fr\\\/index.php\\\/a-propos\\\/\",\"url\":\"https:\\\/\\\/catherine-bronnec.fr\\\/index.php\\\/a-propos\\\/\",\"name\":\"\u00e0 propos - Catherine Bronnec\",\"isPartOf\":{\"@id\":\"https:\\\/\\\/catherine-bronnec.fr\\\/#website\"},\"primaryImageOfPage\":{\"@id\":\"https:\\\/\\\/catherine-bronnec.fr\\\/index.php\\\/a-propos\\\/#primaryimage\"},\"image\":{\"@id\":\"https:\\\/\\\/catherine-bronnec.fr\\\/index.php\\\/a-propos\\\/#primaryimage\"},\"thumbnailUrl\":\"https:\\\/\\\/catherine-bronnec.fr\\\/wp-content\\\/uploads\\\/2024\\\/09\\\/20230320_1755241-scaled.jpg\",\"datePublished\":\"2024-08-14T11:24:46+00:00\",\"dateModified\":\"2025-07-10T07:35:20+00:00\",\"description\":\"D\u00e9couvrez l\u2019hypnose spirituelle et lib\u00e9rez les blocages de vos vies ant\u00e9rieures pour gu\u00e9rir vos blessures invisibles et retrouver paix et clart\u00e9 int\u00e9rieure. D\u00e9couvrez le magn\u00e9tisme th\u00e9rapeutique pour passer le feu, soulager douleurs, stress, troubles de la peau (zona, br\u00fblures) et am\u00e9liorer votre bien-\u00eatre physique et \u00e9motionnel.\",\"breadcrumb\":{\"@id\":\"https:\\\/\\\/catherine-bronnec.fr\\\/index.php\\\/a-propos\\\/#breadcrumb\"},\"inLanguage\":\"en-US\",\"potentialAction\":[{\"@type\":\"ReadAction\",\"target\":[\"https:\\\/\\\/catherine-bronnec.fr\\\/index.php\\\/a-propos\\\/\"]}]},{\"@type\":\"ImageObject\",\"inLanguage\":\"en-US\",\"@id\":\"https:\\\/\\\/catherine-bronnec.fr\\\/index.php\\\/a-propos\\\/#primaryimage\",\"url\":\"https:\\\/\\\/catherine-bronnec.fr\\\/wp-content\\\/uploads\\\/2024\\\/09\\\/20230320_1755241-scaled.jpg\",\"contentUrl\":\"https:\\\/\\\/catherine-bronnec.fr\\\/wp-content\\\/uploads\\\/2024\\\/09\\\/20230320_1755241-scaled.jpg\",\"width\":1152,\"height\":2560},{\"@type\":\"BreadcrumbList\",\"@id\":\"https:\\\/\\\/catherine-bronnec.fr\\\/index.php\\\/a-propos\\\/#breadcrumb\",\"itemListElement\":[{\"@type\":\"ListItem\",\"position\":1,\"name\":\"Accueil\",\"item\":\"https:\\\/\\\/catherine-bronnec.fr\\\/\"},{\"@type\":\"ListItem\",\"position\":2,\"name\":\"\u00e0 propos\"}]},{\"@type\":\"WebSite\",\"@id\":\"https:\\\/\\\/catherine-bronnec.fr\\\/#website\",\"url\":\"https:\\\/\\\/catherine-bronnec.fr\\\/\",\"name\":\"Catherine Bronnec\",\"description\":\"Saint-Brandan\",\"publisher\":{\"@id\":\"https:\\\/\\\/catherine-bronnec.fr\\\/#\\\/schema\\\/person\\\/adb73562d27849cc99b9fbbfff5b1a97\"},\"potentialAction\":[{\"@type\":\"SearchAction\",\"target\":{\"@type\":\"EntryPoint\",\"urlTemplate\":\"https:\\\/\\\/catherine-bronnec.fr\\\/?s={search_term_string}\"},\"query-input\":{\"@type\":\"PropertyValueSpecification\",\"valueRequired\":true,\"valueName\":\"search_term_string\"}}],\"inLanguage\":\"en-US\"},{\"@type\":[\"Person\",\"Organization\"],\"@id\":\"https:\\\/\\\/catherine-bronnec.fr\\\/#\\\/schema\\\/person\\\/adb73562d27849cc99b9fbbfff5b1a97\",\"name\":\"admin8964\",\"image\":{\"@type\":\"ImageObject\",\"inLanguage\":\"en-US\",\"@id\":\"https:\\\/\\\/catherine-bronnec.fr\\\/wp-content\\\/uploads\\\/2024\\\/08\\\/cropped-logo-fleur-1.jpg\",\"url\":\"https:\\\/\\\/catherine-bronnec.fr\\\/wp-content\\\/uploads\\\/2024\\\/08\\\/cropped-logo-fleur-1.jpg\",\"contentUrl\":\"https:\\\/\\\/catherine-bronnec.fr\\\/wp-content\\\/uploads\\\/2024\\\/08\\\/cropped-logo-fleur-1.jpg\",\"width\":78,\"height\":111,\"caption\":\"admin8964\"},\"logo\":{\"@id\":\"https:\\\/\\\/catherine-bronnec.fr\\\/wp-content\\\/uploads\\\/2024\\\/08\\\/cropped-logo-fleur-1.jpg\"},\"sameAs\":[\"http:\\\/\\\/catherine-bronnec.fr\"]}]}<\/script>\n<!-- \/ Yoast SEO plugin. -->","yoast_head_json":{"title":"\u00e0 propos - Catherine Bronnec","description":"D\u00e9couvrez l\u2019hypnose spirituelle et lib\u00e9rez les blocages de vos vies ant\u00e9rieures pour gu\u00e9rir vos blessures invisibles et retrouver paix et clart\u00e9 int\u00e9rieure. D\u00e9couvrez le magn\u00e9tisme th\u00e9rapeutique pour passer le feu, soulager douleurs, stress, troubles de la peau (zona, br\u00fblures) et am\u00e9liorer votre bien-\u00eatre physique et \u00e9motionnel.","robots":{"index":"index","follow":"follow","max-snippet":"max-snippet:-1","max-image-preview":"max-image-preview:large","max-video-preview":"max-video-preview:-1"},"canonical":"https:\/\/catherine-bronnec.fr\/index.php\/a-propos\/","og_locale":"en_US","og_type":"article","og_title":"\u00e0 propos - Catherine Bronnec","og_description":"D\u00e9couvrez l\u2019hypnose spirituelle et lib\u00e9rez les blocages de vos vies ant\u00e9rieures pour gu\u00e9rir vos blessures invisibles et retrouver paix et clart\u00e9 int\u00e9rieure. D\u00e9couvrez le magn\u00e9tisme th\u00e9rapeutique pour passer le feu, soulager douleurs, stress, troubles de la peau (zona, br\u00fblures) et am\u00e9liorer votre bien-\u00eatre physique et \u00e9motionnel.","og_url":"https:\/\/catherine-bronnec.fr\/index.php\/a-propos\/","og_site_name":"Catherine Bronnec","article_modified_time":"2025-07-10T07:35:20+00:00","og_image":[{"width":1152,"height":2560,"url":"http:\/\/catherine-bronnec.fr\/wp-content\/uploads\/2024\/09\/20230320_1755241-scaled.jpg","type":"image\/jpeg"}],"twitter_card":"summary_large_image","twitter_misc":{"Est. reading time":"4 minutes"},"schema":{"@context":"https:\/\/schema.org","@graph":[{"@type":"WebPage","@id":"https:\/\/catherine-bronnec.fr\/index.php\/a-propos\/","url":"https:\/\/catherine-bronnec.fr\/index.php\/a-propos\/","name":"\u00e0 propos - Catherine Bronnec","isPartOf":{"@id":"https:\/\/catherine-bronnec.fr\/#website"},"primaryImageOfPage":{"@id":"https:\/\/catherine-bronnec.fr\/index.php\/a-propos\/#primaryimage"},"image":{"@id":"https:\/\/catherine-bronnec.fr\/index.php\/a-propos\/#primaryimage"},"thumbnailUrl":"https:\/\/catherine-bronnec.fr\/wp-content\/uploads\/2024\/09\/20230320_1755241-scaled.jpg","datePublished":"2024-08-14T11:24:46+00:00","dateModified":"2025-07-10T07:35:20+00:00","description":"D\u00e9couvrez l\u2019hypnose spirituelle et lib\u00e9rez les blocages de vos vies ant\u00e9rieures pour gu\u00e9rir vos blessures invisibles et retrouver paix et clart\u00e9 int\u00e9rieure. D\u00e9couvrez le magn\u00e9tisme th\u00e9rapeutique pour passer le feu, soulager douleurs, stress, troubles de la peau (zona, br\u00fblures) et am\u00e9liorer votre bien-\u00eatre physique et \u00e9motionnel.","breadcrumb":{"@id":"https:\/\/catherine-bronnec.fr\/index.php\/a-propos\/#breadcrumb"},"inLanguage":"en-US","potentialAction":[{"@type":"ReadAction","target":["https:\/\/catherine-bronnec.fr\/index.php\/a-propos\/"]}]},{"@type":"ImageObject","inLanguage":"en-US","@id":"https:\/\/catherine-bronnec.fr\/index.php\/a-propos\/#primaryimage","url":"https:\/\/catherine-bronnec.fr\/wp-content\/uploads\/2024\/09\/20230320_1755241-scaled.jpg","contentUrl":"https:\/\/catherine-bronnec.fr\/wp-content\/uploads\/2024\/09\/20230320_1755241-scaled.jpg","width":1152,"height":2560},{"@type":"BreadcrumbList","@id":"https:\/\/catherine-bronnec.fr\/index.php\/a-propos\/#breadcrumb","itemListElement":[{"@type":"ListItem","position":1,"name":"Accueil","item":"https:\/\/catherine-bronnec.fr\/"},{"@type":"ListItem","position":2,"name":"\u00e0 propos"}]},{"@type":"WebSite","@id":"https:\/\/catherine-bronnec.fr\/#website","url":"https:\/\/catherine-bronnec.fr\/","name":"Catherine Bronnec","description":"Saint-Brandan","publisher":{"@id":"https:\/\/catherine-bronnec.fr\/#\/schema\/person\/adb73562d27849cc99b9fbbfff5b1a97"},"potentialAction":[{"@type":"SearchAction","target":{"@type":"EntryPoint","urlTemplate":"https:\/\/catherine-bronnec.fr\/?s={search_term_string}"},"query-input":{"@type":"PropertyValueSpecification","valueRequired":true,"valueName":"search_term_string"}}],"inLanguage":"en-US"},{"@type":["Person","Organization"],"@id":"https:\/\/catherine-bronnec.fr\/#\/schema\/person\/adb73562d27849cc99b9fbbfff5b1a97","name":"admin8964","image":{"@type":"ImageObject","inLanguage":"en-US","@id":"https:\/\/catherine-bronnec.fr\/wp-content\/uploads\/2024\/08\/cropped-logo-fleur-1.jpg","url":"https:\/\/catherine-bronnec.fr\/wp-content\/uploads\/2024\/08\/cropped-logo-fleur-1.jpg","contentUrl":"https:\/\/catherine-bronnec.fr\/wp-content\/uploads\/2024\/08\/cropped-logo-fleur-1.jpg","width":78,"height":111,"caption":"admin8964"},"logo":{"@id":"https:\/\/catherine-bronnec.fr\/wp-content\/uploads\/2024\/08\/cropped-logo-fleur-1.jpg"},"sameAs":["http:\/\/catherine-bronnec.fr"]}]}},"_links":{"self":[{"href":"https:\/\/catherine-bronnec.fr\/index.php\/wp-json\/wp\/v2\/pages\/23","targetHints":{"allow":["GET"]}}],"collection":[{"href":"https:\/\/catherine-bronnec.fr\/index.php\/wp-json\/wp\/v2\/pages"}],"about":[{"href":"https:\/\/catherine-bronnec.fr\/index.php\/wp-json\/wp\/v2\/types\/page"}],"author":[{"embeddable":true,"href":"https:\/\/catherine-bronnec.fr\/index.php\/wp-json\/wp\/v2\/users\/1"}],"replies":[{"embeddable":true,"href":"https:\/\/catherine-bronnec.fr\/index.php\/wp-json\/wp\/v2\/comments?post=23"}],"version-history":[{"count":33,"href":"https:\/\/catherine-bronnec.fr\/index.php\/wp-json\/wp\/v2\/pages\/23\/revisions"}],"predecessor-version":[{"id":235,"href":"https:\/\/catherine-bronnec.fr\/index.php\/wp-json\/wp\/v2\/pages\/23\/revisions\/235"}],"wp:featuredmedia":[{"embeddable":true,"href":"https:\/\/catherine-bronnec.fr\/index.php\/wp-json\/wp\/v2\/media\/125"}],"wp:attachment":[{"href":"https:\/\/catherine-bronnec.fr\/index.php\/wp-json\/wp\/v2\/media?parent=23"}],"curies":[{"name":"wp","href":"https:\/\/api.w.org\/{rel}","templated":true}]}}